{"id":986,"date":"2020-06-09T10:31:00","date_gmt":"2020-06-09T08:31:00","guid":{"rendered":"https:\/\/www.iot4industry.cloud\/?page_id=986"},"modified":"2022-06-07T12:23:53","modified_gmt":"2022-06-07T10:23:53","slug":"aec-soluzioni-iot4industry","status":"publish","type":"page","link":"https:\/\/www.iot4industry.cloud\/index.php\/en\/aec-soluzioni-iot4industry\/","title":{"rendered":"AEC Soluzioni &#038; iot4industry"},"content":{"rendered":"<div id=\"pl-986\"  class=\"panel-layout\" ><div id=\"pg-986-0\"  class=\"panel-grid panel-no-style\" ><div id=\"pgc-986-0-0\"  class=\"panel-grid-cell\" ><div id=\"panel-986-0-0-0\" class=\"so-panel widget widget_sow-editor panel-first-child panel-last-child\" data-index=\"0\" ><div\n\t\t\t\n\t\t\tclass=\"so-widget-sow-editor so-widget-sow-editor-base\"\n\t\t\t\n\t\t>\n<div class=\"siteorigin-widget-tinymce textwidget\">\n\t<h3 style=\"text-align: center;\">Our solutions help business to:<\/h3>\n<\/div>\n<\/div><\/div><\/div><\/div><div id=\"pg-986-1\"  class=\"panel-grid panel-no-style\" ><div id=\"pgc-986-1-0\"  class=\"panel-grid-cell\" ><div id=\"panel-986-1-0-0\" class=\"so-panel widget widget_sow-editor panel-first-child panel-last-child\" data-index=\"1\" ><div\n\t\t\t\n\t\t\tclass=\"so-widget-sow-editor so-widget-sow-editor-base\"\n\t\t\t\n\t\t>\n<div class=\"siteorigin-widget-tinymce textwidget\">\n\t<p>&nbsp;<\/p>\n<figure><img loading=\"lazy\" decoding=\"async\" class=\"aligncenter\" src=\"https:\/\/www.iot4industry.cloud\/wp-content\/uploads\/2018\/09\/IoT4_monitor.png\" alt=\"\" width=\"113\" height=\"113\" \/><\/figure>\n<p style=\"text-align: center;\">Keep processes under control<\/p>\n<\/div>\n<\/div><\/div><\/div><div id=\"pgc-986-1-1\"  class=\"panel-grid-cell\" ><div id=\"panel-986-1-1-0\" class=\"so-panel widget widget_sow-editor panel-first-child panel-last-child\" data-index=\"2\" ><div\n\t\t\t\n\t\t\tclass=\"so-widget-sow-editor so-widget-sow-editor-base\"\n\t\t\t\n\t\t>\n<div class=\"siteorigin-widget-tinymce textwidget\">\n\t<p>&nbsp;<\/p>\n<figure><img loading=\"lazy\" decoding=\"async\" class=\"aligncenter\" src=\"https:\/\/www.iot4industry.cloud\/wp-content\/uploads\/2018\/09\/IoT4_improve.png\" alt=\"\" width=\"113\" height=\"113\" \/><\/figure>\n<p style=\"text-align: center;\">Obtain information to optimize production<\/p>\n<\/div>\n<\/div><\/div><\/div><div id=\"pgc-986-1-2\"  class=\"panel-grid-cell\" ><div id=\"panel-986-1-2-0\" class=\"so-panel widget widget_sow-editor panel-first-child panel-last-child\" data-index=\"3\" ><div\n\t\t\t\n\t\t\tclass=\"so-widget-sow-editor so-widget-sow-editor-base\"\n\t\t\t\n\t\t>\n<div class=\"siteorigin-widget-tinymce textwidget\">\n\t<p>&nbsp;<\/p>\n<figure><img loading=\"lazy\" decoding=\"async\" class=\"aligncenter\" src=\"https:\/\/www.iot4industry.cloud\/wp-content\/uploads\/2018\/09\/IoT4_performance.png\" alt=\"\" width=\"113\" height=\"113\" \/><\/figure>\n<p style=\"text-align: center;\">Measure the factory's operating performance<\/p>\n<\/div>\n<\/div><\/div><\/div><\/div><div id=\"pg-986-2\"  class=\"panel-grid panel-no-style\" ><div id=\"pgc-986-2-0\"  class=\"panel-grid-cell panel-grid-cell-empty\" ><\/div><div id=\"pgc-986-2-1\"  class=\"panel-grid-cell\" ><div id=\"panel-986-2-1-0\" class=\"so-panel widget widget_sow-editor panel-first-child panel-last-child\" data-index=\"4\" ><div\n\t\t\t\n\t\t\tclass=\"so-widget-sow-editor so-widget-sow-editor-base\"\n\t\t\t\n\t\t>\n<div class=\"siteorigin-widget-tinymce textwidget\">\n\t<p>&nbsp;<\/p>\n<figure><img loading=\"lazy\" decoding=\"async\" class=\"aligncenter\" src=\"https:\/\/www.iot4industry.cloud\/wp-content\/uploads\/2018\/09\/IoT4_notify.png\" alt=\"\" width=\"113\" height=\"113\" \/><\/figure>\n<p style=\"text-align: center;\">Monitor plants and notify necessary interventions<\/p>\n<\/div>\n<\/div><\/div><\/div><div id=\"pgc-986-2-2\"  class=\"panel-grid-cell panel-grid-cell-empty\" ><\/div><div id=\"pgc-986-2-3\"  class=\"panel-grid-cell panel-grid-cell-mobile-last\" ><div id=\"panel-986-2-3-0\" class=\"so-panel widget widget_sow-editor panel-first-child panel-last-child\" data-index=\"5\" ><div\n\t\t\t\n\t\t\tclass=\"so-widget-sow-editor so-widget-sow-editor-base\"\n\t\t\t\n\t\t>\n<div class=\"siteorigin-widget-tinymce textwidget\">\n\t<p>&nbsp;<\/p>\n<figure><img loading=\"lazy\" decoding=\"async\" class=\"aligncenter\" src=\"https:\/\/www.iot4industry.cloud\/wp-content\/uploads\/2018\/09\/IoT4_tool.png\" alt=\"\" width=\"113\" height=\"113\" \/><\/figure>\n<p style=\"text-align: center;\">Support tooling department and tool management<\/p>\n<\/div>\n<\/div><\/div><\/div><div id=\"pgc-986-2-4\"  class=\"panel-grid-cell panel-grid-cell-empty\" ><\/div><\/div><div id=\"pg-986-3\"  class=\"panel-grid panel-no-style\" ><div id=\"pgc-986-3-0\"  class=\"panel-grid-cell\" ><div id=\"panel-986-3-0-0\" class=\"so-panel widget widget_sow-editor panel-first-child panel-last-child\" data-index=\"6\" ><div\n\t\t\t\n\t\t\tclass=\"so-widget-sow-editor so-widget-sow-editor-base\"\n\t\t\t\n\t\t>\n<div class=\"siteorigin-widget-tinymce textwidget\">\n\t<p><\/p>\n<h1 style=\"text-align: center;\">About us<\/h1>\n<p style=\"text-align: center;\">AEC Soluzioni is a small software house that, thanks to founders' consolidated experience, designs and develops successful software solutions, especially in <strong>MES<\/strong> area, Manufacturing Execution System.<\/p>\n<p style=\"text-align: center;\">Our company in numbers ...<\/p>\n<\/div>\n<\/div><\/div><\/div><\/div><div id=\"pg-986-4\"  class=\"panel-grid panel-no-style\" ><div id=\"pgc-986-4-0\"  class=\"panel-grid-cell\" ><div id=\"panel-986-4-0-0\" class=\"so-panel widget widget_sow-editor panel-first-child panel-last-child\" data-index=\"7\" ><div\n\t\t\t\n\t\t\tclass=\"so-widget-sow-editor so-widget-sow-editor-base\"\n\t\t\t\n\t\t>\n<div class=\"siteorigin-widget-tinymce textwidget\">\n\t<p><img loading=\"lazy\" decoding=\"async\" class=\"size-full wp-image-214 aligncenter\" src=\"https:\/\/www.iot4industry.cloud\/wp-content\/uploads\/2018\/09\/IoT4_company.png\" alt=\"\" width=\"113\" height=\"113\" \/><\/p>\n<p style=\"text-align: center; line-height: 1.5em;\"><span style=\"font-size: 1.7em; color: #1e8aca;\"><strong>5<\/strong><\/span> YEARS OF<br \/>\nCOMPANY ACTIVITY<\/p>\n<\/div>\n<\/div><\/div><\/div><div id=\"pgc-986-4-1\"  class=\"panel-grid-cell\" ><div id=\"panel-986-4-1-0\" class=\"so-panel widget widget_sow-editor panel-first-child panel-last-child\" data-index=\"8\" ><div\n\t\t\t\n\t\t\tclass=\"so-widget-sow-editor so-widget-sow-editor-base\"\n\t\t\t\n\t\t>\n<div class=\"siteorigin-widget-tinymce textwidget\">\n\t<p><img loading=\"lazy\" decoding=\"async\" class=\"wp-image-214 size-full aligncenter\" src=\"https:\/\/www.iot4industry.cloud\/wp-content\/uploads\/2018\/09\/IoT4_experience.png\" alt=\"\" width=\"113\" height=\"113\" \/><\/p>\n<p style=\"text-align: center; line-height: 1.5em;\"><span style=\"font-size: 1.7em; color: #1e8aca;\"><strong>20<\/strong><\/span> YEARS OF<br \/>\nFOUNDERS' CONSOLIDATED EXPERIENCE ABOUT <strong>MES<\/strong> PROJETCS<\/p>\n<\/div>\n<\/div><\/div><\/div><div id=\"pgc-986-4-2\"  class=\"panel-grid-cell\" ><div id=\"panel-986-4-2-0\" class=\"so-panel widget widget_sow-editor panel-first-child panel-last-child\" data-index=\"9\" ><div\n\t\t\t\n\t\t\tclass=\"so-widget-sow-editor so-widget-sow-editor-base\"\n\t\t\t\n\t\t>\n<div class=\"siteorigin-widget-tinymce textwidget\">\n\t<p><img loading=\"lazy\" decoding=\"async\" class=\"size-full wp-image-214 aligncenter\" src=\"https:\/\/www.iot4industry.cloud\/wp-content\/uploads\/2018\/09\/IoT4_IoT.png\" alt=\"\" width=\"113\" height=\"113\" \/><\/p>\n<p style=\"text-align: center; line-height: 1.5em;\">MORE THAN\u00a0<span style=\"font-size: 1.7em; color: #1e8aca;\"><strong>50<\/strong><\/span><br \/>\n<strong>IoT<\/strong> INTEGRATIONS<\/p>\n<\/div>\n<\/div><\/div><\/div><\/div><div id=\"pg-986-5\"  class=\"panel-grid panel-no-style\" ><div id=\"pgc-986-5-0\"  class=\"panel-grid-cell\" ><div id=\"panel-986-5-0-0\" class=\"so-panel widget widget_sow-editor panel-first-child panel-last-child\" data-index=\"10\" ><div\n\t\t\t\n\t\t\tclass=\"so-widget-sow-editor so-widget-sow-editor-base\"\n\t\t\t\n\t\t>\n<div class=\"siteorigin-widget-tinymce textwidget\">\n\t<p><img loading=\"lazy\" decoding=\"async\" class=\"wp-image-210 size-full aligncenter\" src=\"https:\/\/www.iot4industry.cloud\/wp-content\/uploads\/2018\/09\/IoT4_factory.png\" alt=\"\" width=\"113\" height=\"113\" \/><\/p>\n<p style=\"text-align: center; line-height: 1.5em;\">EXPERIENCE IN MORE THAN <span style=\"font-size: 1.7em; color: #1e8aca;\"><strong>10<\/strong><\/span><br \/>\nMANUFACTURING SECTORS<\/p>\n<\/div>\n<\/div><\/div><\/div><div id=\"pgc-986-5-1\"  class=\"panel-grid-cell\" ><div id=\"panel-986-5-1-0\" class=\"so-panel widget widget_sow-editor panel-first-child panel-last-child\" data-index=\"11\" ><div\n\t\t\t\n\t\t\tclass=\"so-widget-sow-editor so-widget-sow-editor-base\"\n\t\t\t\n\t\t>\n<div class=\"siteorigin-widget-tinymce textwidget\">\n\t<p><img loading=\"lazy\" decoding=\"async\" class=\"wp-image-213 size-full aligncenter\" src=\"https:\/\/www.iot4industry.cloud\/wp-content\/uploads\/2018\/09\/IoT4_RD.png\" alt=\"\" width=\"106\" height=\"106\" \/><\/p>\n<p style=\"text-align: center; line-height: 1.5em;\">MORE THAN <span style=\"font-size: 1.7em; color: #1e8aca;\"><strong>20K<\/strong><\/span><br \/>\nR&amp;D HOURS<\/p>\n<\/div>\n<\/div><\/div><\/div><div id=\"pgc-986-5-2\"  class=\"panel-grid-cell\" ><div id=\"panel-986-5-2-0\" class=\"so-panel widget widget_sow-editor panel-first-child panel-last-child\" data-index=\"12\" ><div\n\t\t\t\n\t\t\tclass=\"so-widget-sow-editor so-widget-sow-editor-base\"\n\t\t\t\n\t\t>\n<div class=\"siteorigin-widget-tinymce textwidget\">\n\t<p><img loading=\"lazy\" decoding=\"async\" class=\"wp-image-215 size-full aligncenter\" src=\"https:\/\/www.iot4industry.cloud\/wp-content\/uploads\/2018\/09\/IoT4_developement.png\" alt=\"\" width=\"113\" height=\"113\" \/><\/p>\n<p style=\"text-align: center; line-height: 1.5em;\">MORE THAN <span style=\"font-size: 1.7em; color: #1e8aca;\"><strong>45K<\/strong><\/span><br \/>\nDEVELOPMENT HOURS<\/p>\n<\/div>\n<\/div><\/div><\/div><\/div><div id=\"pg-986-6\"  class=\"panel-grid panel-no-style\" ><div id=\"pgc-986-6-0\"  class=\"panel-grid-cell\" ><div id=\"panel-986-6-0-0\" class=\"so-panel widget widget_sow-editor panel-first-child\" data-index=\"13\" ><div\n\t\t\t\n\t\t\tclass=\"so-widget-sow-editor so-widget-sow-editor-base\"\n\t\t\t\n\t\t>\n<div class=\"siteorigin-widget-tinymce textwidget\">\n\t<h2 style=\"text-align: center;\">Our technologies<\/h2>\n<\/div>\n<\/div><\/div><div id=\"panel-986-6-0-1\" class=\"so-panel widget widget_sow-image panel-last-child\" data-index=\"14\" ><div\n\t\t\t\n\t\t\tclass=\"so-widget-sow-image so-widget-sow-image-default-113ccd71f3e6-986\"\n\t\t\t\n\t\t>\n<div class=\"sow-image-container\">\n\t\t<img \n\tsrc=\"https:\/\/www.iot4industry.cloud\/wp-content\/uploads\/2018\/10\/IoT4Industry_img01EN.png\" width=\"1464\" height=\"441\" srcset=\"https:\/\/www.iot4industry.cloud\/wp-content\/uploads\/2018\/10\/IoT4Industry_img01EN.png 1464w, https:\/\/www.iot4industry.cloud\/wp-content\/uploads\/2018\/10\/IoT4Industry_img01EN-300x90.png 300w, https:\/\/www.iot4industry.cloud\/wp-content\/uploads\/2018\/10\/IoT4Industry_img01EN-768x231.png 768w, https:\/\/www.iot4industry.cloud\/wp-content\/uploads\/2018\/10\/IoT4Industry_img01EN-1024x308.png 1024w, https:\/\/www.iot4industry.cloud\/wp-content\/uploads\/2018\/10\/IoT4Industry_img01EN-664x200.png 664w\" sizes=\"(max-width: 1464px) 100vw, 1464px\" title=\"Internet of Things for Industry\" alt=\"Internet of Things for Industry\" \t\tclass=\"so-widget-image\"\/>\n\t<\/div>\n\n<\/div><\/div><\/div><\/div><div id=\"pg-986-7\"  class=\"panel-grid panel-no-style\" ><div id=\"pgc-986-7-0\"  class=\"panel-grid-cell\" ><div id=\"panel-986-7-0-0\" class=\"so-panel widget widget_sow-editor panel-first-child panel-last-child\" data-index=\"15\" ><div\n\t\t\t\n\t\t\tclass=\"so-widget-sow-editor so-widget-sow-editor-base\"\n\t\t\t\n\t\t>\n<div class=\"siteorigin-widget-tinymce textwidget\">\n\t<h2 style=\"text-align: center;\">Customers<\/h2>\n<p style=\"text-align: center;\">We develop solutions for small, medium and large companies that believe in innovation to be more competitive on the market<\/p>\n<\/div>\n<\/div><\/div><\/div><\/div><div id=\"pg-986-8\"  class=\"panel-grid panel-no-style\" ><div id=\"pgc-986-8-0\"  class=\"panel-grid-cell\" ><div id=\"panel-986-8-0-0\" class=\"so-panel widget widget_sow-editor panel-first-child\" data-index=\"16\" ><div\n\t\t\t\n\t\t\tclass=\"so-widget-sow-editor so-widget-sow-editor-base\"\n\t\t\t\n\t\t>\n<div class=\"siteorigin-widget-tinymce textwidget\">\n\t<h4 style=\"text-align: center;\">Industry sectors<\/h4>\n<\/div>\n<\/div><\/div><div id=\"panel-986-8-0-1\" class=\"so-panel widget widget_sow-image-grid panel-last-child\" data-index=\"17\" ><div\n\t\t\t\n\t\t\tclass=\"so-widget-sow-image-grid so-widget-sow-image-grid-default-ef54e2374789-986\"\n\t\t\t\n\t\t>\t<div\n\t\tclass=\"sow-image-grid-wrapper\"\n\t\t\t\t\t>\n\t\t\t\t\t<div class=\"sow-image-grid-image\">\n\t\t\t\t\t\t\t\t\t\t\t\t<img loading=\"lazy\" decoding=\"async\" width=\"290\" height=\"125\" src=\"https:\/\/www.iot4industry.cloud\/wp-content\/uploads\/2018\/10\/IoT4IndustryEN_settore_alimentare.jpg\" class=\"sow-image-grid-image_html\" alt=\"\" title=\"Food\" \/>\t\t\t\t\t\t\t\t\t\t\t<\/div>\n\t\t\t\t\t<div class=\"sow-image-grid-image\">\n\t\t\t\t\t\t\t\t\t\t\t\t<img loading=\"lazy\" decoding=\"async\" width=\"290\" height=\"125\" src=\"https:\/\/www.iot4industry.cloud\/wp-content\/uploads\/2018\/10\/IoT4IndustryEN_automotive.jpg\" class=\"sow-image-grid-image_html\" alt=\"\" title=\"Automotive\" \/>\t\t\t\t\t\t\t\t\t\t\t<\/div>\n\t\t\t\t\t<div class=\"sow-image-grid-image\">\n\t\t\t\t\t\t\t\t\t\t\t\t<img loading=\"lazy\" decoding=\"async\" width=\"290\" height=\"125\" src=\"https:\/\/www.iot4industry.cloud\/wp-content\/uploads\/2018\/10\/IoT4IndustryEN_rubinetterie.jpg\" class=\"sow-image-grid-image_html\" alt=\"\" title=\"Tap Fittings\" \/>\t\t\t\t\t\t\t\t\t\t\t<\/div>\n\t\t\t\t\t<div class=\"sow-image-grid-image\">\n\t\t\t\t\t\t\t\t\t\t\t\t<img loading=\"lazy\" decoding=\"async\" width=\"290\" height=\"125\" src=\"https:\/\/www.iot4industry.cloud\/wp-content\/uploads\/2018\/10\/IoT4IndustryEN_plasticagomma.jpg\" class=\"sow-image-grid-image_html\" alt=\"\" title=\"Plastic &amp; Rubber\" \/>\t\t\t\t\t\t\t\t\t\t\t<\/div>\n\t\t\t\t\t<div class=\"sow-image-grid-image\">\n\t\t\t\t\t\t\t\t\t\t\t\t<img loading=\"lazy\" decoding=\"async\" width=\"290\" height=\"125\" src=\"https:\/\/www.iot4industry.cloud\/wp-content\/uploads\/2018\/10\/IoT4IndustryEN_elettronico.jpg\" class=\"sow-image-grid-image_html\" alt=\"\" title=\"Electronic\" \/>\t\t\t\t\t\t\t\t\t\t\t<\/div>\n\t\t\t\t\t<div class=\"sow-image-grid-image\">\n\t\t\t\t\t\t\t\t\t\t\t\t<img loading=\"lazy\" decoding=\"async\" width=\"290\" height=\"125\" src=\"https:\/\/www.iot4industry.cloud\/wp-content\/uploads\/2018\/10\/IoT4Industry_settore_aeronautico-1.jpg\" class=\"sow-image-grid-image_html\" alt=\"\" title=\"Aeronautic\" \/>\t\t\t\t\t\t\t\t\t\t\t<\/div>\n\t\t\t\t\t<div class=\"sow-image-grid-image\">\n\t\t\t\t\t\t\t\t\t\t\t\t<img loading=\"lazy\" decoding=\"async\" width=\"290\" height=\"125\" src=\"https:\/\/www.iot4industry.cloud\/wp-content\/uploads\/2018\/10\/IoT4Industry_settore_navale-1.jpg\" class=\"sow-image-grid-image_html\" alt=\"\" title=\"Boat furniture\" \/>\t\t\t\t\t\t\t\t\t\t\t<\/div>\n\t\t\t\t\t<div class=\"sow-image-grid-image\">\n\t\t\t\t\t\t\t\t\t\t\t\t<img loading=\"lazy\" decoding=\"async\" width=\"290\" height=\"125\" src=\"https:\/\/www.iot4industry.cloud\/wp-content\/uploads\/2018\/10\/IoT4IndustryEN_Vetro.jpg\" class=\"sow-image-grid-image_html\" alt=\"\" title=\"Glass manufacturing\" \/>\t\t\t\t\t\t\t\t\t\t\t<\/div>\n\t\t\t\t\t<div class=\"sow-image-grid-image\">\n\t\t\t\t\t\t\t\t\t\t\t\t<img loading=\"lazy\" decoding=\"async\" width=\"290\" height=\"125\" src=\"https:\/\/www.iot4industry.cloud\/wp-content\/uploads\/2018\/10\/IoT4IndustryEN_metalli.jpg\" class=\"sow-image-grid-image_html\" alt=\"\" title=\"Metal manufacturing\" \/>\t\t\t\t\t\t\t\t\t\t\t<\/div>\n\t\t\t\t\t<div class=\"sow-image-grid-image\">\n\t\t\t\t\t\t\t\t\t\t\t\t<img loading=\"lazy\" decoding=\"async\" width=\"290\" height=\"125\" src=\"https:\/\/www.iot4industry.cloud\/wp-content\/uploads\/2018\/10\/IoT4IndustryEN_settore_prototipazione.jpg\" class=\"sow-image-grid-image_html\" alt=\"\" title=\"Prototyping\" \/>\t\t\t\t\t\t\t\t\t\t\t<\/div>\n\t\t\t\t\t<div class=\"sow-image-grid-image\">\n\t\t\t\t\t\t\t\t\t\t\t\t<img loading=\"lazy\" decoding=\"async\" width=\"290\" height=\"125\" src=\"https:\/\/www.iot4industry.cloud\/wp-content\/uploads\/2018\/10\/IoT4IndustryEN_settore_edilizia.jpg\" class=\"sow-image-grid-image_html\" alt=\"\" title=\"Building\" \/>\t\t\t\t\t\t\t\t\t\t\t<\/div>\n\t\t\t\t\t<div class=\"sow-image-grid-image\">\n\t\t\t\t\t\t\t\t\t\t\t\t<img loading=\"lazy\" decoding=\"async\" width=\"290\" height=\"125\" src=\"https:\/\/www.iot4industry.cloud\/wp-content\/uploads\/2018\/10\/IoT4IndustryEN_settore_orafo.jpg\" class=\"sow-image-grid-image_html\" alt=\"\" title=\"Jewellery\" \/>\t\t\t\t\t\t\t\t\t\t\t<\/div>\n\t\t\t\t\t<div class=\"sow-image-grid-image\">\n\t\t\t\t\t\t\t\t\t\t\t\t<img loading=\"lazy\" decoding=\"async\" width=\"588\" height=\"125\" src=\"https:\/\/www.iot4industry.cloud\/wp-content\/uploads\/2018\/10\/IoT4IndustryEN_meccanica-di-precisione.jpg\" class=\"sow-image-grid-image_html\" alt=\"\" title=\"Precision Engineering\" srcset=\"https:\/\/www.iot4industry.cloud\/wp-content\/uploads\/2018\/10\/IoT4IndustryEN_meccanica-di-precisione.jpg 588w, https:\/\/www.iot4industry.cloud\/wp-content\/uploads\/2018\/10\/IoT4IndustryEN_meccanica-di-precisione-300x64.jpg 300w\" sizes=\"auto, (max-width: 588px) 100vw, 588px\" \/>\t\t\t\t\t\t\t\t\t\t\t<\/div>\n\t\t\t\t\t<div class=\"sow-image-grid-image\">\n\t\t\t\t\t\t\t\t\t\t\t\t<img loading=\"lazy\" decoding=\"async\" width=\"588\" height=\"125\" src=\"https:\/\/www.iot4industry.cloud\/wp-content\/uploads\/2018\/10\/IoT4IndustryEN_settore_costruzione-macchine.jpg\" class=\"sow-image-grid-image_html\" alt=\"\" title=\"Machine constraction\" srcset=\"https:\/\/www.iot4industry.cloud\/wp-content\/uploads\/2018\/10\/IoT4IndustryEN_settore_costruzione-macchine.jpg 588w, https:\/\/www.iot4industry.cloud\/wp-content\/uploads\/2018\/10\/IoT4IndustryEN_settore_costruzione-macchine-300x64.jpg 300w\" sizes=\"auto, (max-width: 588px) 100vw, 588px\" \/>\t\t\t\t\t\t\t\t\t\t\t<\/div>\n\t\t\t<\/div>\n<\/div><\/div><\/div><\/div><div id=\"pg-986-9\"  class=\"panel-grid panel-no-style\" ><div id=\"pgc-986-9-0\"  class=\"panel-grid-cell\" ><div id=\"panel-986-9-0-0\" class=\"so-panel widget widget_sow-editor panel-first-child\" data-index=\"18\" ><div\n\t\t\t\n\t\t\tclass=\"so-widget-sow-editor so-widget-sow-editor-base\"\n\t\t\t\n\t\t>\n<div class=\"siteorigin-widget-tinymce textwidget\">\n\t<h4 style=\"text-align: center;\">Case history<\/h4>\n<\/div>\n<\/div><\/div><div id=\"panel-986-9-0-1\" class=\"so-panel widget widget_sow-post-carousel panel-last-child\" data-index=\"19\" ><div\n\t\t\t\n\t\t\tclass=\"so-widget-sow-post-carousel so-widget-sow-post-carousel-base-ad93eedad001-986\"\n\t\t\t\n\t\t>\t<div\n\t\tclass=\"sow-post-carousel-wrapper sow-post-carousel-theme-base\"\n\t\tstyle=\"overflow: hidden; max-width: 100%; min-height: 182px\"\n\t>\n\t\t<div class=\"sow-carousel-title\">\n\t\t\t<div class=\"sow-carousel-navigation \">\n\t\t\t\t\t\t<a href=\"#\" class=\"sow-carousel-next\" title=\"Next\" aria-label=\"Next Posts\" role=\"button\"><\/a>\n\t\t\t\t\t\t<a href=\"#\" class=\"sow-carousel-previous\" title=\"Previous\" aria-label=\"Previous Posts\" role=\"button\"><\/a>\n\t\t\t\t\t<\/div>\n\t<\/div>\n\n<div class=\"sow-carousel-container \">\n\t\t<div class=\"sow-carousel-wrapper\"\n\t\tdata-dir=\"ltr\"\n\t\tstyle=\"opacity: 0;\"\n\t\tdata-widget=\"post\" data-fetching=\"false\" data-page=\"1\" data-ajax-url=\"https:\/\/www.iot4industry.cloud\/wp-admin\/admin-ajax.php?_widgets_nonce=4873d01beb\" data-item_count=\"2\" data-carousel_settings=\"{&quot;loop&quot;:true,&quot;animation&quot;:&quot;Ease&quot;,&quot;animation_speed&quot;:400,&quot;autoplay&quot;:&quot;&quot;,&quot;pauseOnHover&quot;:&quot;&quot;,&quot;autoplaySpeed&quot;:8000,&quot;item_overflow&quot;:true,&quot;autoplay_continuous_scroll&quot;:false}\" data-responsive=\"{&quot;desktop_slides_to_scroll&quot;:1,&quot;tablet_landscape_breakpoint&quot;:1366,&quot;tablet_landscape_slides_to_scroll&quot;:2,&quot;tablet_portrait_breakpoint&quot;:1025,&quot;tablet_portrait_slides_to_scroll&quot;:2,&quot;mobile_breakpoint&quot;:480,&quot;mobile_slides_to_scroll&quot;:1}\" data-variable_width=\"true\" \t>\n\t\t<div\n\t\t\tclass=\"sow-carousel-items\"\n\t\t\t\t\t>\n\t\t\t\t<div class=\"sow-carousel-item\" tabindex=\"-1\" style=\"float: left;\">\n\t\t<div class=\"sow-carousel-thumbnail\">\n\t\t\t\t\t\t\t<a\n\t\t\t\t\thref=\"https:\/\/www.iot4industry.cloud\/index.php\/en\/i4-0-efficiency\/\"\n\t\t\t\t\tclass=\"sow-carousel-default-thumbnail\"\n\t\t\t\t\t\t\t\t\t\tstyle=\"background-image: url(https:\/\/www.iot4industry.cloud\/wp-content\/uploads\/2018\/10\/AECSoluzioni_IoT4Industry03-272x182.jpg)\"\t\t\t\t\taria-labelledby=\"sow-carousel-id-723\"\n\t\t\t\t\ttabindex=\"-1\"\n\t\t\t\t>\n\t\t\t\t\t<span class=\"overlay\"><\/span>\n\t\t\t\t<\/a>\n\t\t\t\t\t<\/div>\n\t\t<h3 class=\"sow-carousel-item-title\">\n\t\t\t<a\n\t\t\t\thref=\"https:\/\/www.iot4industry.cloud\/index.php\/en\/i4-0-efficiency\/\"\n\t\t\t\tid=\"sow-carousel-id-723\"\n\t\t\t\t\t\t\t\ttabindex=\"-1\"\n\t\t\t>\n\n\t\t\t\tI4.0: efficiency\t\t\t<\/a>\n\t\t<\/h3>\n\t<\/div>\n\t\t<div class=\"sow-carousel-item\" tabindex=\"-1\" style=\"float: left;\">\n\t\t<div class=\"sow-carousel-thumbnail\">\n\t\t\t\t\t\t\t<a\n\t\t\t\t\thref=\"https:\/\/www.iot4industry.cloud\/index.php\/en\/i4-0-monitoring\/\"\n\t\t\t\t\tclass=\"sow-carousel-default-thumbnail\"\n\t\t\t\t\t\t\t\t\t\tstyle=\"background-image: url(https:\/\/www.iot4industry.cloud\/wp-content\/uploads\/2018\/10\/AECSoluzioni_IoT4Industry03-272x182.jpg)\"\t\t\t\t\taria-labelledby=\"sow-carousel-id-721\"\n\t\t\t\t\ttabindex=\"-1\"\n\t\t\t\t>\n\t\t\t\t\t<span class=\"overlay\"><\/span>\n\t\t\t\t<\/a>\n\t\t\t\t\t<\/div>\n\t\t<h3 class=\"sow-carousel-item-title\">\n\t\t\t<a\n\t\t\t\thref=\"https:\/\/www.iot4industry.cloud\/index.php\/en\/i4-0-monitoring\/\"\n\t\t\t\tid=\"sow-carousel-id-721\"\n\t\t\t\t\t\t\t\ttabindex=\"-1\"\n\t\t\t>\n\n\t\t\t\tI4.0: monitoring\t\t\t<\/a>\n\t\t<\/h3>\n\t<\/div>\n\t\t\t<\/div>\n\t\t\t<\/div>\n\n\t<\/div>\n\t\t<input type=\"hidden\" name=\"instance_hash\" value=\"aece5397\"\/>\n\t<\/div>\n<\/div><\/div><\/div><\/div><\/div>","protected":false},"excerpt":{"rendered":"<p>24\/7 remote monitoring A complete and immediate overview of manufacturing processes \u00c8 risaputo che per essere competitivi \u00e8 fondamentale &#8220;conoscere&#8221; i propri processi. Questo consente di ottimizzare i flussi operativi, individuare e, ove possibile, eliminare gli sprechi. Pertanto acquisire le informazioni \u00e8 solamente met\u00e0 del problema: per poter conoscere \u00e8 &hellip;<\/p>\n","protected":false},"author":1,"featured_media":0,"parent":0,"menu_order":0,"comment_status":"closed","ping_status":"closed","template":"","meta":{"footnotes":""},"class_list":["post-986","page","type-page","status-publish","hentry"],"aioseo_notices":[],"_links":{"self":[{"href":"https:\/\/www.iot4industry.cloud\/index.php\/wp-json\/wp\/v2\/pages\/986","targetHints":{"allow":["GET"]}}],"collection":[{"href":"https:\/\/www.iot4industry.cloud\/index.php\/wp-json\/wp\/v2\/pages"}],"about":[{"href":"https:\/\/www.iot4industry.cloud\/index.php\/wp-json\/wp\/v2\/types\/page"}],"author":[{"embeddable":true,"href":"https:\/\/www.iot4industry.cloud\/index.php\/wp-json\/wp\/v2\/users\/1"}],"replies":[{"embeddable":true,"href":"https:\/\/www.iot4industry.cloud\/index.php\/wp-json\/wp\/v2\/comments?post=986"}],"version-history":[{"count":9,"href":"https:\/\/www.iot4industry.cloud\/index.php\/wp-json\/wp\/v2\/pages\/986\/revisions"}],"predecessor-version":[{"id":1031,"href":"https:\/\/www.iot4industry.cloud\/index.php\/wp-json\/wp\/v2\/pages\/986\/revisions\/1031"}],"wp:attachment":[{"href":"https:\/\/www.iot4industry.cloud\/index.php\/wp-json\/wp\/v2\/media?parent=986"}],"curies":[{"name":"wp","href":"https:\/\/api.w.org\/{rel}","templated":true}]}}